{"id":10,"date":"2016-01-04T00:25:39","date_gmt":"2016-01-04T00:25:39","guid":{"rendered":"http:\/\/ratzekmutes.de\/?page_id=10"},"modified":"2022-10-25T10:02:18","modified_gmt":"2022-10-25T10:02:18","slug":"history","status":"publish","type":"page","link":"https:\/\/ratzekmutes.de\/en\/history\/","title":{"rendered":"History"},"content":{"rendered":"<p><\/p>\n<div class=\"csc-header csc-header-n1\">\n<p><b>A product with tradition!<\/b><\/p>\n<\/div>\n<p class=\"bodytext\">The inventor of our mutes, Ernst Ratzek, incorporated his experience from almost fifty years as a musician, conductor and orchestra leader in our product. Together with his son Thomas he created trumpet mutes with a very special intonation.<\/p>\n<p class=\"bodytext\">Tradition means for us to combine the experience of Ernst Ratzek with modern manufacturing techniques in order to achieve very low weight and easy response.<\/p>\n<p class=\"bodytext\"><b>Over a period of six years, the product has matured and has been optimized for production in small series.<\/b><\/p>\n<h2>Ernst Ratzek<\/h2>\n<p class=\"bodytext\"><img loading=\"lazy\" class=\"size-full wp-image-772 alignright\" src=\"https:\/\/ratzekmutes.de\/wp-content\/uploads\/ErnstRatzek.jpg\" alt=\"ErnstRatzek\" width=\"209\" height=\"288\" srcset=\"https:\/\/ratzekmutes.de\/wp-content\/uploads\/ErnstRatzek.jpg 209w, https:\/\/ratzekmutes.de\/wp-content\/uploads\/ErnstRatzek-200x276.jpg 200w\" sizes=\"(max-width: 209px) 100vw, 209px\" \/><\/p>\n<p class=\"bodytext\">Ernst Ratzek, born in 1932 in Niederm\u00fchl (S\u00fcdb\u00f6hmen), has always been involved in music.<br \/>\nAt the age of 22, he founded the Kolping Blasorchester in Offenau together with his father and was the conductor of this orchestra for 50 years. He also conducted, among others, two male choirs, with which he won several contests.<br \/>\nIn 1992 he won, as an award in recognition of particularly meritorious and promotional activities with brass and folk music, the &#8220;Sonder-Ehrennadel in Gold&#8221; of the State of Baden-W\u00fcrttemberg.<br \/>\nAt the advanced age of 68, he, together with his son Thomas Ratzek, developed mutes for trumpet and piccolo trumpet. After his death in 2006 firstly no mutes were produced. Now we are manufacturing mutes again with the same love and care, continuing the legacy of Ernst Ratzek.<\/p>\n<p><\/p>\n<table class=\"entry-signature\">\n<tr>\n<td class=\"signature-logo\"><img class=\"signature-logo\" src=\"https:\/\/ratzekmutes.de\/wp-content\/uploads\/images\/logo\/logo.svg\" alt=\"Ratzek Mutes\"><\/p>\n<td class=\"signature-text\"> Phone: &#43;&#52;&#57;&#32;&#52;&#50;&#57;&#56;&#54;&#57;&#55;&#48;&#51;&#54;&#50;<br \/>Email: <a class=\"mail\" title=\"Opens window for sending email\" href=\"&#x6d;a&#x69;l&#x74;&#111;&#x3a;&#x67;a&#x62;r&#x69;&#101;&#x6c;&#97;r&#x61;t&#x7a;&#101;&#x6b;&#64;t&#x2d;o&#x6e;l&#x69;&#110;e&#x2e;d&#x65;\">g&#x61;&#x62;r&#105;&#x65;&#x6c;a&#114;&#x61;tz&#x65;&#x6b;&#64;&#116;&#x2d;on&#x6c;&#x69;n&#101;&#x2e;&#x64;e<\/a><\/td>\n<\/td>\n<\/table>","protected":false},"excerpt":{"rendered":"<p>A product with tradition! The inventor of our mutes, Ernst Ratzek, incorporated his experience from almost fifty years as a musician, conductor and orchestra leader in our product. Together with his son Thomas he created trumpet mutes with a very special intonation. Tradition means for us to combine the experience of Ernst Ratzek with modern &hellip; <a href=\"https:\/\/ratzekmutes.de\/en\/history\/\" class=\"more-link\">Continue reading <span class=\"screen-reader-text\">History<\/span><\/a><\/p>\n","protected":false},"author":1,"featured_media":0,"parent":0,"menu_order":1,"comment_status":"closed","ping_status":"closed","template":"","meta":[],"_links":{"self":[{"href":"https:\/\/ratzekmutes.de\/en\/wp-json\/wp\/v2\/pages\/10"}],"collection":[{"href":"https:\/\/ratzekmutes.de\/en\/wp-json\/wp\/v2\/pages"}],"about":[{"href":"https:\/\/ratzekmutes.de\/en\/wp-json\/wp\/v2\/types\/page"}],"author":[{"embeddable":true,"href":"https:\/\/ratzekmutes.de\/en\/wp-json\/wp\/v2\/users\/1"}],"replies":[{"embeddable":true,"href":"https:\/\/ratzekmutes.de\/en\/wp-json\/wp\/v2\/comments?post=10"}],"version-history":[{"count":42,"href":"https:\/\/ratzekmutes.de\/en\/wp-json\/wp\/v2\/pages\/10\/revisions"}],"predecessor-version":[{"id":945,"href":"https:\/\/ratzekmutes.de\/en\/wp-json\/wp\/v2\/pages\/10\/revisions\/945"}],"wp:attachment":[{"href":"https:\/\/ratzekmutes.de\/en\/wp-json\/wp\/v2\/media?parent=10"}],"curies":[{"name":"wp","href":"https:\/\/api.w.org\/{rel}","templated":true}]}}